{"id":60,"date":"2021-06-01T04:59:55","date_gmt":"2021-06-01T04:59:55","guid":{"rendered":"https:\/\/serene-bhaskara.212-227-169-188.plesk.page\/?page_id=60"},"modified":"2025-10-03T12:28:08","modified_gmt":"2025-10-03T12:28:08","slug":"inmobiliaria","status":"publish","type":"page","link":"https:\/\/inmobiliaria.refaman.com\/","title":{"rendered":"Inicio"},"content":{"rendered":"<p>[et_pb_section fb_built=\u00bb1&#8243; _builder_version=\u00bb4.16&#8243; _module_preset=\u00bbdefault\u00bb background_image=\u00bbhttps:\/\/serene-bhaskara.212-227-169-188.plesk.page\/wp-content\/uploads\/2021\/06\/Casas-28.jpeg\u00bb parallax=\u00bbon\u00bb global_colors_info=\u00bb{}\u00bb][et_pb_row _builder_version=\u00bb4.16&#8243; _module_preset=\u00bbdefault\u00bb background_enable_color=\u00bboff\u00bb use_background_color_gradient=\u00bbon\u00bb background_color_gradient_stops=\u00bbrgba(247,247,247,0.87) 0%|#ffffff 100%\u00bb background_color_gradient_start=\u00bbrgba(247,247,247,0.87)\u00bb background_color_gradient_end=\u00bb#ffffff\u00bb vertical_offset=\u00bb19px\u00bb min_height=\u00bb32.6px\u00bb custom_padding=\u00bb|11px||11px|false|false\u00bb border_radii=\u00bbon|6px|6px|6px|6px\u00bb box_shadow_style=\u00bbpreset1&#8243; global_colors_info=\u00bb{}\u00bb][et_pb_column type=\u00bb4_4&#8243; _builder_version=\u00bb4.16&#8243; _module_preset=\u00bbdefault\u00bb background_enable_color=\u00bboff\u00bb global_colors_info=\u00bb{}\u00bb][et_pb_text _builder_version=\u00bb4.16&#8243; _module_preset=\u00bbdefault\u00bb header_font=\u00bb|700|||||||\u00bb header_text_align=\u00bbcenter\u00bb header_text_color=\u00bb#000000&#8243; header_font_size=\u00bb33px\u00bb header_text_shadow_style=\u00bbpreset1&#8243; global_colors_info=\u00bb{}\u00bb]<\/p>\n<h1 style=\"text-align: center;\">La Casa de tus sue\u00f1os y de tu familia<\/h1>\n<h4 style=\"text-align: center;\">No busques m\u00e1s<\/h4>\n<p>[\/et_pb_text][et_pb_de_mach_search_posts post_type_choose=\u00bbpropiedades\u00bb search_button_text=\u00bbBuscar\u00bb inline_search_btn=\u00bbon\u00bb open_in_new_tab=\u00bbon\u00bb _builder_version=\u00bb4.21.0&#8243; _module_preset=\u00bbdefault\u00bb background_color=\u00bbrgba(255,255,255,0)\u00bb custom_button=\u00bbon\u00bb button_text_color=\u00bb#E02B20&#8243; button_border_width=\u00bb3px\u00bb button_border_color=\u00bb#E02B20&#8243; button_border_radius=\u00bb6px\u00bb button_letter_spacing=\u00bb0px\u00bb button_icon=\u00bb%%52%%\u00bb button_icon_color=\u00bb#E02B20&#8243; button_alignment=\u00bbright\u00bb custom_margin=\u00bb|30px||30px|false|false\u00bb custom_padding=\u00bb|30px||30px|false|false\u00bb global_colors_info=\u00bb{}\u00bb][et_pb_de_mach_search_posts_item title=\u00bbVenta o Renta\u00bb filter_post_type=\u00bbacf\u00bb post_type_choose=\u00bbpropiedades\u00bb acf_name=\u00bbfield_60b5b0f5b3216&#8243; filter_params=\u00bbyes_no_title\u00bb radio_show_empty=\u00bbon\u00bb acf_filter_width=\u00bbet_pb_column_1_3&#8243; field_id=\u00bbField_1&#8243; select_placeholder=\u00bbSeleccione la opci\u00f3n\u00bb _builder_version=\u00bb4.21.0&#8243; _module_preset=\u00bbdefault\u00bb title_font=\u00bb|600|||||||\u00bb title_text_align=\u00bbright\u00bb radio_button_text_font=\u00bb|600|||||||\u00bb radio_button_text_text_align=\u00bbcenter\u00bb radio_button_text_checked_font=\u00bb|600|||||||\u00bb radio_button_text_checked_text_align=\u00bbcenter\u00bb range_primary_text_font=\u00bb|600|||||||\u00bb range_primary_text_text_align=\u00bbcenter\u00bb range_secondary_text_font=\u00bb|600|||||||\u00bb range_secondary_text_text_align=\u00bbcenter\u00bb limit_show_more_text_font=\u00bb|600|||||||\u00bb limit_show_more_text_text_align=\u00bbcenter\u00bb limit_show_less_text_font=\u00bb|600|||||||\u00bb limit_show_less_text_text_align=\u00bbcenter\u00bb form_field_font=\u00bb|600|||||||\u00bb form_field_text_align=\u00bbcenter\u00bb text_orientation=\u00bbright\u00bb module_alignment=\u00bbcenter\u00bb custom_margin=\u00bb|||8px|false|false\u00bb custom_padding=\u00bb|||8px|false|false\u00bb global_colors_info=\u00bb{}\u00bb][\/et_pb_de_mach_search_posts_item][et_pb_de_mach_search_posts_item title=\u00bbCiudad\u00bb filter_post_type=\u00bbacf\u00bb post_type_choose=\u00bbpropiedades\u00bb acf_name=\u00bbfield_60b65f8190f2c\u00bb filter_params=\u00bbyes_no_title\u00bb custom_label=\u00bbCiudad\u00bb radio_show_empty=\u00bbon\u00bb acf_filter_width=\u00bbet_pb_column_1_3&#8243; field_id=\u00bbField_2&#8243; select_placeholder=\u00bbSeleccione la Ciudad\u00bb _builder_version=\u00bb4.21.0&#8243; _module_preset=\u00bbdefault\u00bb form_field_custom_padding=\u00bb12px||12px||false|false\u00bb title_font=\u00bb|700|||||||\u00bb title_text_align=\u00bbcenter\u00bb text_orientation=\u00bbcenter\u00bb global_colors_info=\u00bb{}\u00bb][\/et_pb_de_mach_search_posts_item][\/et_pb_de_mach_search_posts][\/et_pb_column][\/et_pb_row][et_pb_row column_structure=\u00bb1_4,1_4,1_4,1_4&#8243; use_custom_gutter=\u00bbon\u00bb _builder_version=\u00bb4.16&#8243; _module_preset=\u00bbdefault\u00bb global_colors_info=\u00bb{}\u00bb][et_pb_column type=\u00bb1_4&#8243; _builder_version=\u00bb4.16&#8243; _module_preset=\u00bbdefault\u00bb global_colors_info=\u00bb{}\u00bb][\/et_pb_column][et_pb_column type=\u00bb1_4&#8243; _builder_version=\u00bb4.16&#8243; _module_preset=\u00bbdefault\u00bb global_colors_info=\u00bb{}\u00bb][et_pb_button button_url=\u00bbhttps:\/\/refaman.com\/servicios-2\/\u00bb button_text=\u00bbServicios\u00bb button_alignment=\u00bbright\u00bb _builder_version=\u00bb4.16&#8243; _module_preset=\u00bbdefault\u00bb custom_button=\u00bbon\u00bb button_text_color=\u00bb#FFFFFF\u00bb button_bg_color=\u00bb#E02B20&#8243; button_border_color=\u00bb#FFFFFF\u00bb button_font=\u00bbABeeZee||||||||\u00bb button_use_icon=\u00bboff\u00bb custom_margin=\u00bb10px||||false|false\u00bb custom_margin_tablet=\u00bb\u00bb custom_margin_phone=\u00bb\u00bb custom_margin_last_edited=\u00bbon|desktop\u00bb global_colors_info=\u00bb{}\u00bb][\/et_pb_button][\/et_pb_column][et_pb_column type=\u00bb1_4&#8243; _builder_version=\u00bb4.16&#8243; _module_preset=\u00bbdefault\u00bb global_colors_info=\u00bb{}\u00bb][et_pb_button button_url=\u00bbhttps:\/\/refaman.com\/financiacion\/\u00bb button_text=\u00bbFinanciaci\u00f3n\u00bb button_alignment=\u00bbleft\u00bb _builder_version=\u00bb4.16&#8243; _module_preset=\u00bbdefault\u00bb custom_button=\u00bbon\u00bb button_text_color=\u00bb#FFFFFF\u00bb button_bg_color=\u00bb#E02B20&#8243; button_border_color=\u00bb#FFFFFF\u00bb button_font=\u00bbABeeZee||||||||\u00bb button_use_icon=\u00bboff\u00bb custom_margin=\u00bb10px||||false|false\u00bb custom_margin_tablet=\u00bb\u00bb custom_margin_phone=\u00bb\u00bb custom_margin_last_edited=\u00bbon|desktop\u00bb global_colors_info=\u00bb{}\u00bb][\/et_pb_button][\/et_pb_column][et_pb_column type=\u00bb1_4&#8243; _builder_version=\u00bb4.16&#8243; _module_preset=\u00bbdefault\u00bb global_colors_info=\u00bb{}\u00bb][\/et_pb_column][\/et_pb_row][\/et_pb_section][et_pb_section fb_built=\u00bb1&#8243; disabled_on=\u00bbon|on|on\u00bb _builder_version=\u00bb4.16&#8243; _module_preset=\u00bbdefault\u00bb background_image=\u00bbhttps:\/\/serene-bhaskara.212-227-169-188.plesk.page\/wp-content\/uploads\/2021\/06\/Casas-28.jpeg\u00bb parallax=\u00bbon\u00bb disabled=\u00bbon\u00bb global_colors_info=\u00bb{}\u00bb][et_pb_row column_structure=\u00bb1_4,1_2,1_4&#8243; _builder_version=\u00bb4.16&#8243; _module_preset=\u00bbdefault\u00bb background_color=\u00bb#FFFFFF\u00bb use_background_color_gradient=\u00bbon\u00bb background_color_gradient_stops=\u00bb#308ef2 0%|#29c4a9 100%\u00bb background_color_gradient_start=\u00bb#308ef2&#8243; vertical_offset=\u00bb19px\u00bb width=\u00bb100%\u00bb max_width=\u00bb100%\u00bb module_alignment=\u00bbcenter\u00bb border_radii=\u00bbon|6px|6px|6px|6px\u00bb box_shadow_style=\u00bbpreset1&#8243; global_colors_info=\u00bb{}\u00bb][et_pb_column type=\u00bb1_4&#8243; _builder_version=\u00bb4.16&#8243; _module_preset=\u00bbdefault\u00bb background_enable_color=\u00bboff\u00bb global_colors_info=\u00bb{}\u00bb][et_pb_button button_text=\u00bbServicios\u00bb button_alignment=\u00bbcenter\u00bb _builder_version=\u00bb4.16&#8243; _module_preset=\u00bbdefault\u00bb custom_button=\u00bbon\u00bb button_text_color=\u00bb#FFFFFF\u00bb button_bg_color=\u00bb#000000&#8243; button_border_color=\u00bb#FFFFFF\u00bb button_use_icon=\u00bboff\u00bb custom_margin=\u00bb90px||||false|false\u00bb custom_margin_tablet=\u00bb\u00bb custom_margin_phone=\u00bb\u00bb custom_margin_last_edited=\u00bbon|desktop\u00bb global_colors_info=\u00bb{}\u00bb][\/et_pb_button][\/et_pb_column][et_pb_column type=\u00bb1_2&#8243; _builder_version=\u00bb4.16&#8243; _module_preset=\u00bbdefault\u00bb background_enable_color=\u00bboff\u00bb global_colors_info=\u00bb{}\u00bb][et_pb_text _builder_version=\u00bb4.16&#8243; _module_preset=\u00bbdefault\u00bb header_font=\u00bb|700|||||||\u00bb header_text_align=\u00bbcenter\u00bb header_text_color=\u00bb#000000&#8243; header_font_size=\u00bb33px\u00bb header_text_shadow_style=\u00bbpreset1&#8243; global_colors_info=\u00bb{}\u00bb]<\/p>\n<h1 style=\"text-align: center;\">La Casa de tus sue\u00f1os y de tu familia<\/h1>\n<h4 style=\"text-align: center;\">No busques m\u00e1s<\/h4>\n<p>[\/et_pb_text][et_pb_de_mach_search_posts post_type_choose=\u00bbpropiedades\u00bb search_button_text=\u00bbBuscar\u00bb inline_search_btn=\u00bbon\u00bb open_in_new_tab=\u00bbon\u00bb _builder_version=\u00bb4.16&#8243; _module_preset=\u00bbdefault\u00bb background_color=\u00bb#FFFFFF\u00bb custom_button=\u00bbon\u00bb button_text_color=\u00bb#E02B20&#8243; button_border_width=\u00bb3px\u00bb button_border_color=\u00bb#E02B20&#8243; button_border_radius=\u00bb6px\u00bb button_letter_spacing=\u00bb0px\u00bb button_icon=\u00bb%%52%%\u00bb button_icon_color=\u00bb#E02B20&#8243; button_alignment=\u00bbright\u00bb custom_margin=\u00bb|30px||30px|false|false\u00bb custom_padding=\u00bb|30px||30px|false|false\u00bb global_colors_info=\u00bb{}\u00bb][et_pb_de_mach_search_posts_item title=\u00bbVenta o Renta\u00bb filter_post_type=\u00bbacf\u00bb post_type_choose=\u00bbpropiedades\u00bb acf_name=\u00bbfield_60b5b0f5b3216&#8243; filter_params=\u00bbyes_no_title\u00bb acf_filter_width=\u00bbet_pb_column_1_3&#8243; field_id=\u00bbField_1&#8243; select_placeholder=\u00bbSeleccione la opci\u00f3n\u00bb _builder_version=\u00bb4.16&#8243; _module_preset=\u00bbdefault\u00bb title_font=\u00bb|600|||||||\u00bb title_text_align=\u00bbright\u00bb radio_button_text_font=\u00bb|600|||||||\u00bb radio_button_text_text_align=\u00bbcenter\u00bb radio_button_text_checked_font=\u00bb|600|||||||\u00bb radio_button_text_checked_text_align=\u00bbcenter\u00bb range_primary_text_font=\u00bb|600|||||||\u00bb range_primary_text_text_align=\u00bbcenter\u00bb range_secondary_text_font=\u00bb|600|||||||\u00bb range_secondary_text_text_align=\u00bbcenter\u00bb limit_show_more_text_font=\u00bb|600|||||||\u00bb limit_show_more_text_text_align=\u00bbcenter\u00bb limit_show_less_text_font=\u00bb|600|||||||\u00bb limit_show_less_text_text_align=\u00bbcenter\u00bb form_field_font=\u00bb|600|||||||\u00bb form_field_text_align=\u00bbcenter\u00bb text_orientation=\u00bbright\u00bb module_alignment=\u00bbcenter\u00bb custom_margin=\u00bb|||8px|false|false\u00bb custom_padding=\u00bb|||8px|false|false\u00bb global_colors_info=\u00bb{}\u00bb][\/et_pb_de_mach_search_posts_item][et_pb_de_mach_search_posts_item title=\u00bbCiudad\u00bb filter_post_type=\u00bbacf\u00bb post_type_choose=\u00bbpropiedades\u00bb acf_name=\u00bbfield_60b65f8190f2c\u00bb filter_params=\u00bbyes_no_title\u00bb custom_label=\u00bbCiudad\u00bb acf_filter_width=\u00bbet_pb_column_1_3&#8243; field_id=\u00bbField_2&#8243; select_placeholder=\u00bbSeleccione la Ciudad\u00bb _builder_version=\u00bb4.16&#8243; _module_preset=\u00bbdefault\u00bb form_field_custom_padding=\u00bb12px||12px||false|false\u00bb title_font=\u00bb|700|||||||\u00bb title_text_align=\u00bbcenter\u00bb text_orientation=\u00bbcenter\u00bb global_colors_info=\u00bb{}\u00bb][\/et_pb_de_mach_search_posts_item][\/et_pb_de_mach_search_posts][\/et_pb_column][et_pb_column type=\u00bb1_4&#8243; _builder_version=\u00bb4.16&#8243; _module_preset=\u00bbdefault\u00bb background_enable_color=\u00bboff\u00bb global_colors_info=\u00bb{}\u00bb][et_pb_button button_text=\u00bbFinanciaci\u00f3n\u00bb button_alignment=\u00bbcenter\u00bb _builder_version=\u00bb4.16&#8243; _module_preset=\u00bbdefault\u00bb custom_button=\u00bbon\u00bb button_text_color=\u00bb#FFFFFF\u00bb button_bg_color=\u00bb#000000&#8243; button_border_color=\u00bb#FFFFFF\u00bb button_use_icon=\u00bboff\u00bb custom_margin=\u00bb90px||||false|false\u00bb custom_margin_tablet=\u00bb\u00bb custom_margin_phone=\u00bb\u00bb custom_margin_last_edited=\u00bbon|desktop\u00bb global_colors_info=\u00bb{}\u00bb][\/et_pb_button][\/et_pb_column][\/et_pb_row][\/et_pb_section][et_pb_section fb_built=\u00bb1&#8243; _builder_version=\u00bb4.16&#8243; _module_preset=\u00bbdefault\u00bb custom_padding=\u00bb10px|||||\u00bb global_colors_info=\u00bb{}\u00bb][et_pb_row _builder_version=\u00bb4.16&#8243; _module_preset=\u00bbdefault\u00bb global_colors_info=\u00bb{}\u00bb][et_pb_column type=\u00bb4_4&#8243; _builder_version=\u00bb4.16&#8243; _module_preset=\u00bbdefault\u00bb global_colors_info=\u00bb{}\u00bb][et_pb_de_mach_archive_loop post_type_choose=\u00bbpropiedades\u00bb loop_layout=\u00bb57&#8243; animation_color=\u00bb#000000&#8243; loading_bg_color=\u00bb#000000&#8243; is_main_loop=\u00bboff\u00bb columns=\u00bb1&#8243; columns_tablet=\u00bb1&#8243; _builder_version=\u00bb4.16&#8243; _module_preset=\u00bbdefault\u00bb custom_margin=\u00bb2px||10px||false|false\u00bb custom_padding=\u00bb3px||10px||false|false\u00bb global_colors_info=\u00bb{}\u00bb][\/et_pb_de_mach_archive_loop][\/et_pb_column][\/et_pb_row][\/et_pb_section]<\/p>\n","protected":false},"excerpt":{"rendered":"<p>La Casa de tus sue\u00f1os y de tu familia No busques m\u00e1sLa Casa de tus sue\u00f1os y de tu familia No busques m\u00e1s<\/p>\n","protected":false},"author":1,"featured_media":0,"parent":0,"menu_order":0,"comment_status":"closed","ping_status":"closed","template":"","meta":{"_acf_changed":false,"_et_pb_use_builder":"on","_et_pb_old_content":"","_et_gb_content_width":"","footnotes":""},"class_list":["post-60","page","type-page","status-publish","hentry"],"acf":[],"_links":{"self":[{"href":"https:\/\/inmobiliaria.refaman.com\/index.php?rest_route=\/wp\/v2\/pages\/60","targetHints":{"allow":["GET"]}}],"collection":[{"href":"https:\/\/inmobiliaria.refaman.com\/index.php?rest_route=\/wp\/v2\/pages"}],"about":[{"href":"https:\/\/inmobiliaria.refaman.com\/index.php?rest_route=\/wp\/v2\/types\/page"}],"author":[{"embeddable":true,"href":"https:\/\/inmobiliaria.refaman.com\/index.php?rest_route=\/wp\/v2\/users\/1"}],"replies":[{"embeddable":true,"href":"https:\/\/inmobiliaria.refaman.com\/index.php?rest_route=%2Fwp%2Fv2%2Fcomments&post=60"}],"version-history":[{"count":107,"href":"https:\/\/inmobiliaria.refaman.com\/index.php?rest_route=\/wp\/v2\/pages\/60\/revisions"}],"predecessor-version":[{"id":50825,"href":"https:\/\/inmobiliaria.refaman.com\/index.php?rest_route=\/wp\/v2\/pages\/60\/revisions\/50825"}],"wp:attachment":[{"href":"https:\/\/inmobiliaria.refaman.com\/index.php?rest_route=%2Fwp%2Fv2%2Fmedia&parent=60"}],"curies":[{"name":"wp","href":"https:\/\/api.w.org\/{rel}","templated":true}]}}